{"id":913,"date":"2026-04-29T12:09:07","date_gmt":"2026-04-29T12:09:07","guid":{"rendered":"https:\/\/2020furnituredesign.co.uk\/?page_id=913"},"modified":"2026-04-29T12:21:55","modified_gmt":"2026-04-29T12:21:55","slug":"design-audit-grant","status":"publish","type":"page","link":"https:\/\/2020furnituredesign.co.uk\/?page_id=913","title":{"rendered":"Implementation of a design strategy at 2020 Furniture Design"},"content":{"rendered":"\t\t<div data-elementor-type=\"wp-page\" data-elementor-id=\"913\" class=\"elementor elementor-913\" data-elementor-post-type=\"page\">\n\t\t\t\t<div class=\"elementor-element elementor-element-7955dea e-flex e-con-boxed e-con e-parent\" data-id=\"7955dea\" data-element_type=\"container\" data-e-type=\"container\">\n\t\t\t\t\t<div class=\"e-con-inner\">\n\t\t\t\t<div class=\"elementor-element elementor-element-7a71a97 elementor-widget elementor-widget-image\" data-id=\"7a71a97\" data-element_type=\"widget\" data-e-type=\"widget\" data-widget_type=\"image.default\">\n\t\t\t\t<div class=\"elementor-widget-container\">\n\t\t\t\t\t\t\t\t\t\t\t\t\t\t\t<img fetchpriority=\"high\" decoding=\"async\" width=\"800\" height=\"84\" src=\"https:\/\/2020furnituredesign.co.uk\/wp-content\/uploads\/2026\/04\/unia.svg\" class=\"attachment-large size-large wp-image-915\" alt=\"\" \/>\t\t\t\t\t\t\t\t\t\t\t\t\t\t\t<\/div>\n\t\t\t\t<\/div>\n\t\t<div class=\"elementor-element elementor-element-e5f4b2f e-con-full e-flex e-con e-child\" data-id=\"e5f4b2f\" data-element_type=\"container\" data-e-type=\"container\">\n\t\t\t\t<div class=\"elementor-element elementor-element-6e11d6f elementor-widget elementor-widget-heading\" data-id=\"6e11d6f\" data-element_type=\"widget\" data-e-type=\"widget\" data-widget_type=\"heading.default\">\n\t\t\t\t<div class=\"elementor-widget-container\">\n\t\t\t\t\t<h6 class=\"elementor-heading-title elementor-size-default\">Project title:<\/h6>\t\t\t\t<\/div>\n\t\t\t\t<\/div>\n\t\t\t\t<div class=\"elementor-element elementor-element-9b11d0f elementor-widget elementor-widget-heading\" data-id=\"9b11d0f\" data-element_type=\"widget\" data-e-type=\"widget\" data-widget_type=\"heading.default\">\n\t\t\t\t<div class=\"elementor-widget-container\">\n\t\t\t\t\t<h1 class=\"elementor-heading-title elementor-size-default\">Implementation of a design strategy at 2020 Furniture Design<\/h1>\t\t\t\t<\/div>\n\t\t\t\t<\/div>\n\t\t\t\t<\/div>\n\t\t\t\t<div class=\"elementor-element elementor-element-2f4aafd elementor-widget elementor-widget-text-editor\" data-id=\"2f4aafd\" data-element_type=\"widget\" data-e-type=\"widget\" data-widget_type=\"text-editor.default\">\n\t\t\t\t<div class=\"elementor-widget-container\">\n\t\t\t\t\t\t\t\t\t<div class=\"p-pdf_iframe__page\" aria-label=\"Page 1\" data-page-number=\"1\"><h4 class=\"textLayer\"><span dir=\"ltr\" role=\"presentation\">The project of 2020 Design Furniture company consists of:<\/span><\/h4><ol><li class=\"textLayer\"><span dir=\"ltr\" role=\"presentation\">conducting an audit and developing a design strategy.<\/span><\/li><li class=\"textLayer\"><span dir=\"ltr\" role=\"presentation\">conception, design, prototyping and testing of new innovative products\u00a0<\/span><span dir=\"ltr\" role=\"presentation\">products, which will result in the implementation of 4 new collections (a total of\u00a0<\/span><span dir=\"ltr\" role=\"presentation\">12 products) previously unproduced in the company. The products which\u00a0<\/span><span dir=\"ltr\" role=\"presentation\">will be introduced as a result of the project are a system of inclusive\u00a0<\/span><span dir=\"ltr\" role=\"presentation\">and innovative acoustic box furniture and acoustic panels,\u00a0<\/span><span dir=\"ltr\" role=\"presentation\">taking into account the needs of neurodiverse people.<\/span><\/li><li class=\"textLayer\"><span dir=\"ltr\" role=\"presentation\">marketing services necessary for the implementation of the\u00a0<\/span><span dir=\"ltr\" role=\"presentation\">design strategy.<\/span><\/li><li class=\"textLayer\"><span dir=\"ltr\" role=\"presentation\">the project also includes the purchase of new fixed assets \u2013 a vertical drilling\u00a0<\/span><span dir=\"ltr\" role=\"presentation\">centre and a panel saw.<\/span><\/li><li class=\"textLayer\"><span dir=\"ltr\" role=\"presentation\">expenses will be incurred for securing an advance payment.<\/span><\/li><\/ol><h4 class=\"textLayer\"><span dir=\"ltr\" role=\"presentation\">Target groups:<\/span><\/h4><div class=\"textLayer\"><span dir=\"ltr\" role=\"presentation\">The beneficiary of the project is the company 2020 Furniture Design Sp. z o.o.\u00a0<\/span><span dir=\"ltr\" role=\"presentation\">and neuroatypical people.<\/span><\/div><h4 class=\"textLayer\"><span dir=\"ltr\" role=\"presentation\">Project objective:<\/span><\/h4><div class=\"textLayer\"><span dir=\"ltr\" role=\"presentation\">The aim of the project is to implement the developed design strategy.<\/span><\/div><h4 class=\"textLayer\"><span dir=\"ltr\" role=\"presentation\">Results, project outcomes:<\/span><\/h4><ol><li class=\"textLayer\"><span dir=\"ltr\" role=\"presentation\">development of the company through implementation of product and business\u00a0<\/span><span dir=\"ltr\" role=\"presentation\">innovation;<\/span><\/li><li class=\"textLayer\"><span dir=\"ltr\" role=\"presentation\">gaining new target groups \u2013 neuroatypical persons;<\/span><\/li><li class=\"textLayer\"><span dir=\"ltr\" role=\"presentation\">possibility of expanding sales markets \u2013 entering Scandinavian, Polish and\u00a0<\/span><span dir=\"ltr\" role=\"presentation\">Germany;<\/span><\/li><li class=\"textLayer\"><span dir=\"ltr\" role=\"presentation\">increase in revenue of the company;<\/span><\/li><li class=\"textLayer\"><span dir=\"ltr\" role=\"presentation\">increase in employment \u2013 by 3 persons;<\/span><\/li><li class=\"textLayer\"><span dir=\"ltr\" role=\"presentation\">an increase in the competitiveness of the applicant\u2019s product offer \u2013 the\u00a0<\/span><span dir=\"ltr\" role=\"presentation\">introduction to\u00a0<\/span><span dir=\"ltr\" role=\"presentation\">sales of 12 new, innovative products;\u00a0<\/span><span dir=\"ltr\" role=\"presentation\">development of a comprehensive marketing strategy.<\/span><\/li><\/ol><div class=\"textLayer\"><span dir=\"ltr\" role=\"presentation\">In addition, the inclusion of eco-design aspects in the project and ensuring\u00a0<\/span><span dir=\"ltr\" role=\"presentation\">accessibility for people with special needs (neuroatypical), will allow the\u00a0<\/span><span dir=\"ltr\" role=\"presentation\">company to establish itself as a responsible business partner,\u00a0<\/span><span dir=\"ltr\" role=\"presentation\">one that cares about the environment and all its customers.<\/span><\/div><\/div><div class=\"p-pdf_iframe__page\" aria-label=\"Page 2\" data-page-number=\"2\"><h4 class=\"textLayer\"><span dir=\"ltr\" role=\"presentation\">Project value:<\/span><\/h4><div class=\"textLayer\"><span dir=\"ltr\" role=\"presentation\">1,629,710.67 PLN<\/span><\/div><h4 class=\"textLayer\"><span dir=\"ltr\" role=\"presentation\">Amount of contribution from European Funds:<\/span><\/h4><div class=\"textLayer\"><span dir=\"ltr\" role=\"presentation\">1,008,503.39 PLN<\/span><\/div><\/div><p><!-- \/wp:heading --><\/p>\t\t\t\t\t\t\t\t<\/div>\n\t\t\t\t<\/div>\n\t\t\t\t\t<\/div>\n\t\t\t\t<\/div>\n\t\t<div class=\"elementor-element elementor-element-29ab1d1 e-flex e-con-boxed e-con e-parent\" data-id=\"29ab1d1\" data-element_type=\"container\" data-e-type=\"container\">\n\t\t\t\t\t<div class=\"e-con-inner\">\n\t\t<div class=\"elementor-element elementor-element-ab73c96 e-con-full e-flex e-con e-child\" data-id=\"ab73c96\" data-element_type=\"container\" data-e-type=\"container\">\n\t\t\t\t<div class=\"elementor-element elementor-element-e89b8f8 elementor-widget elementor-widget-heading\" data-id=\"e89b8f8\" data-element_type=\"widget\" data-e-type=\"widget\" data-widget_type=\"heading.default\">\n\t\t\t\t<div class=\"elementor-widget-container\">\n\t\t\t\t\t<h6 class=\"elementor-heading-title elementor-size-default\">Tytu\u0142 projektu:<\/h6>\t\t\t\t<\/div>\n\t\t\t\t<\/div>\n\t\t\t\t<div class=\"elementor-element elementor-element-6ed1595 elementor-widget elementor-widget-heading\" data-id=\"6ed1595\" data-element_type=\"widget\" data-e-type=\"widget\" data-widget_type=\"heading.default\">\n\t\t\t\t<div class=\"elementor-widget-container\">\n\t\t\t\t\t<h1 class=\"elementor-heading-title elementor-size-default\">Wdro\u017cenie strategii wzorniczej w firmie 2020 Furniture Design<\/h1>\t\t\t\t<\/div>\n\t\t\t\t<\/div>\n\t\t\t\t<\/div>\n\t\t\t\t<div class=\"elementor-element elementor-element-2e45006 elementor-widget elementor-widget-text-editor\" data-id=\"2e45006\" data-element_type=\"widget\" data-e-type=\"widget\" data-widget_type=\"text-editor.default\">\n\t\t\t\t<div class=\"elementor-widget-container\">\n\t\t\t\t\t\t\t\t\t<div class=\"p-pdf_iframe__page\" aria-label=\"Page 1\" data-page-number=\"1\"><h4 class=\"p2\">Projekt firmy 2020 Design Furniture polega na:<\/h4><ol><li class=\"p2\">Przeprowadzenie audytu i opracowaniu strategii wzorniczej.<\/li><li class=\"p2\">Koncepcji, projektowaniu, prototypowaniu i testowaniu nowych innowacyjnych produkt\u00f3w co w efekcie pozwoli wdro\u017cy\u0107 do sprzeda\u017cy 4 nowe kolekcje (\u0142\u0105cznie 12 produkt\u00f3w) uprzednio nieprodukowanych w przedsi\u0119biorstwie. Produkty, kt\u00f3re zostan\u0105 wprowadzone w wyniku realizacji projektu to system inkluzywnych i innowacyjnych akustycznych mebli skrzyniowych oraz paneli akustycznych, uwzgl\u0119dniaj\u0105cy potrzeby os\u00f3b neuror\u00f3\u017cnorodnych.<\/li><li class=\"p2\">Zakupione zostan\u0105 r\u00f3wnie\u017c us\u0142ugi marketingowe niezb\u0119dne do wdro\u017cenia strategii wzorniczej.<\/li><li class=\"p2\">W projekcie zaplanowano r\u00f3wnie\u017c zakup nowych \u015brodk\u00f3w trwa\u0142ych \u2013 pionowego centrum wiertarskiego i pilarki panelowej.<\/li><li class=\"p2\">Poniesione zostan\u0105 wydatki dotycz\u0105ce zabezpieczenia zaliczki.<\/li><\/ol><h4 class=\"p2\">Grupy docelowe:<\/h4><p class=\"p2\">Beneficjentem projektu jest firma 2020 Furniture Design Sp. z o.o. oraz osoby neuroatypowe.<\/p><h4 class=\"p2\">Cel projektu:<\/h4><p class=\"p2\">Celem projektu jest wdro\u017cenie opracowanej strategii wzorniczej.<\/p><h4 class=\"p2\">Efekty, rezultaty projektu:<\/h4><ol><li class=\"p2\">rozw\u00f3j przedsi\u0119biorstwa poprzez wdro\u017cenie innowacji produktowej i biznesowej;<\/li><li class=\"p2\">zdobycie nowych grup docelowych \u2013 osoby neuroatypowe;<\/li><li class=\"p2\">mo\u017cliwo\u015b\u0107 poszerzenia rynk\u00f3w zbytu \u2013 wej\u015bcie na rynki skandynawskie, Polski i Niemiec;<\/li><li class=\"p2\">wzrost przychod\u00f3w przedsi\u0119biorstwa;<\/li><li class=\"p2\">wzrost zatrudnienia \u2013 o 3 osoby;<\/li><li class=\"p2\">wzrost konkurencyjno\u015bci oferty produktowej wnioskodawcy \u2013 wprowadzenie do sprzeda\u017cy 12 nowych, innowacyjnych produkt\u00f3w;<\/li><li class=\"p2\">opracowanie kompleksowej strategii marketingowej.<\/li><\/ol><p class=\"p2\">Ponadto uwzgl\u0119dnienie w projekcie aspekt\u00f3w ekoprojektowania oraz zapewnienie dost\u0119pno\u015bci dla os\u00f3b ze szczeg\u00f3lnymi potrzebami (neuroatypowych), pozwoli firmie ugruntowa\u0107 swoj\u0105 pozycj\u0119 jako odpowiedzialnego partnera biznesowego, takiego, kt\u00f3ry dba o \u015brodowisko oraz wszystkich odbiorc\u00f3w.<\/p><h4 class=\"p2\">Warto\u015b\u0107 projektu:<\/h4><p class=\"p2\">1 629 710,67 PLN<\/p><h4 class=\"p2\">Wysoko\u015b\u0107 wk\u0142adu z Funduszy Europejskich:<\/h4><p class=\"p2\">1 008 503,39 PLN<\/p><\/div><p><!-- \/wp:heading --><\/p>\t\t\t\t\t\t\t\t<\/div>\n\t\t\t\t<\/div>\n\t\t\t\t\t<\/div>\n\t\t\t\t<\/div>\n\t\t\t\t<\/div>\n\t\t","protected":false},"excerpt":{"rendered":"<p>Project title: Implementation of a design strategy at 2020 Furniture Design The project of 2020 Design Furniture company consists of: conducting an audit and developing a design strategy. conception, design, prototyping and testing of new innovative products\u00a0products, which will result in the implementation of 4 new collections (a total of\u00a012 products) previously unproduced in the [&hellip;]<\/p>\n","protected":false},"author":1,"featured_media":0,"parent":0,"menu_order":0,"comment_status":"closed","ping_status":"closed","template":"","meta":{"footnotes":""},"class_list":["post-913","page","type-page","status-publish","hentry"],"_links":{"self":[{"href":"https:\/\/2020furnituredesign.co.uk\/index.php?rest_route=\/wp\/v2\/pages\/913","targetHints":{"allow":["GET"]}}],"collection":[{"href":"https:\/\/2020furnituredesign.co.uk\/index.php?rest_route=\/wp\/v2\/pages"}],"about":[{"href":"https:\/\/2020furnituredesign.co.uk\/index.php?rest_route=\/wp\/v2\/types\/page"}],"author":[{"embeddable":true,"href":"https:\/\/2020furnituredesign.co.uk\/index.php?rest_route=\/wp\/v2\/users\/1"}],"replies":[{"embeddable":true,"href":"https:\/\/2020furnituredesign.co.uk\/index.php?rest_route=%2Fwp%2Fv2%2Fcomments&post=913"}],"version-history":[{"count":0,"href":"https:\/\/2020furnituredesign.co.uk\/index.php?rest_route=\/wp\/v2\/pages\/913\/revisions"}],"wp:attachment":[{"href":"https:\/\/2020furnituredesign.co.uk\/index.php?rest_route=%2Fwp%2Fv2%2Fmedia&parent=913"}],"curies":[{"name":"wp","href":"https:\/\/api.w.org\/{rel}","templated":true}]}}